{"id":1321,"date":"2019-06-05T10:15:02","date_gmt":"2019-06-05T08:15:02","guid":{"rendered":"https:\/\/kanyly.cz\/?post_type=product&#038;p=1321"},"modified":"2024-12-16T11:35:51","modified_gmt":"2024-12-16T10:35:51","slug":"kanyla-23g50-mm","status":"publish","type":"product","link":"https:\/\/kanyly.cz\/de\/obchod\/kanyla-23g50-mm\/","title":{"rendered":"Kan\u00fcle 23G\/50 mm"},"content":{"rendered":"<p>Elektrolytisch geschliffene Kan\u00fcle mit breiter \u00d6ffnung zur leichteren Applikation von Fillern.\nDie makellose Oberfl\u00e4che sorgt f\u00fcr eine glattere Insertion. Hochwertiger rostfreier Stahl sorgt f\u00fcr hervorragende Flexibilit\u00e4t und Elastizit\u00e4t.\nUltrad\u00fcnne Wand - so k\u00f6nnen Sie eine d\u00fcnnere Kan\u00fcle verwenden, w\u00e4hrend Sie den gleichen. Durchsatz an F\u00fcllern erreichen. Die Schraubensicherung aus Polycarbonat erm\u00f6glicht eine sichere Applikation von F\u00fcllungen unter hohem Druck. Pr\u00e4zise Anwendung - Skala und Punktsucher f\u00fcr eine genauere Anwendung. Zertifiziert f\u00fcr eine sichere Anwendung.\u00a0<strong>CE 0476<\/strong>\u00a0und\u00a0<a href=\"https:\/\/kanyly.cz\/wp-content\/uploads\/2016\/02\/Logo-KiwaCERMET.jpg\"><strong>ISO 13485:2003<\/strong><\/a>\u00a0Zertifikat f\u00fcr die Verwendung von Medizinprodukten.<\/p>\n<p data-pm-slice=\"1 1 []\">Hersteller: FEEL TECH CO.,Ltd., 3,4 Floor, Standard Factory 2-dong, 15,Jayumuyeok2-gil, Gunsan-si, Jeollabuk-do, Korea<\/p>","protected":false},"excerpt":{"rendered":"<p><span style=\"color: #ff0000\"><strong>Nakupte v\u00fdhodn\u011bj\u0161\u00ed balen\u00ed 24 ks. <\/strong><strong>Cena za jeden kus = 99 K\u010d \/ 4,40 EUR bez DPH.<\/strong><\/span><\/p>\n<p>Sparen Sie 0,75 EUR ohne MwSt. f\u00fcr 1 St\u00fcck: <span style=\"color: #ff0000\"><a style=\"color: #ff0000\" href=\"https:\/\/kanyly.cz\/de\/obchod\/kanyla-23g50-mm-krabice\/\">vorteilhafter <strong>24 ks balen\u00ed zde.<\/strong><\/a><\/span><\/p>\n<p>&nbsp;<\/p>","protected":false},"featured_media":2010,"template":"","meta":{"_acf_changed":false,"_seopress_robots_primary_cat":"none","_seopress_titles_title":"Kanyly.cz | Kanyla 23G\/50 mm | Cannula 23G\/50 mm","_seopress_titles_desc":"Elektrolyticky brou\u0161en\u00e1 kanyla\u00a0s \u0161irok\u00fdm otvorem pro snaz\u0161\u00ed aplikaci v\u00fdpln\u00ed. Bezchybn\u00fd povrch pom\u00e1h\u00e1 plynulej\u0161\u00edmu vkl\u00e1d\u00e1n\u00ed. Vysoce kvalitn\u00ed nerezov\u00e1 ocel zaji\u0161\u0165uje vynikaj\u00edc\u00ed flexibilitu a pru\u017enost. Ultra tenk\u00e1 st\u011bna - m\u016f\u017eete tak pou\u017e\u00edt ten\u010d\u00ed kanylu p\u0159i dosa\u017een\u00ed stejn\u00e9 propustnosti v\u00fdpln\u00ed. Polykarbon\u00e1tov\u00fd \u0161roubov\u00fd z\u00e1mek umo\u017e\u0148uje bezpe\u010dn\u011b aplikovat v\u00fdpln\u011b pod vysok\u00fdm tlakem. P\u0159esn\u00e1 aplikace - m\u011b\u0159\u00edtko a bodov\u00fd vyhled\u00e1va\u010d pro p\u0159esn\u011bj\u0161\u00ed aplikaci. Certifikace","_seopress_robots_index":""},"product_brand":[],"product_cat":[28],"product_tag":[],"class_list":{"0":"post-1321","1":"product","2":"type-product","3":"status-publish","4":"has-post-thumbnail","6":"product_cat-fmc","8":"first","9":"instock","10":"taxable","11":"shipping-taxable","12":"purchasable","13":"product-type-simple"},"acf":[],"_links":{"self":[{"href":"https:\/\/kanyly.cz\/de\/wp-json\/wp\/v2\/product\/1321","targetHints":{"allow":["GET"]}}],"collection":[{"href":"https:\/\/kanyly.cz\/de\/wp-json\/wp\/v2\/product"}],"about":[{"href":"https:\/\/kanyly.cz\/de\/wp-json\/wp\/v2\/types\/product"}],"wp:featuredmedia":[{"embeddable":true,"href":"https:\/\/kanyly.cz\/de\/wp-json\/wp\/v2\/media\/2010"}],"wp:attachment":[{"href":"https:\/\/kanyly.cz\/de\/wp-json\/wp\/v2\/media?parent=1321"}],"wp:term":[{"taxonomy":"product_brand","embeddable":true,"href":"https:\/\/kanyly.cz\/de\/wp-json\/wp\/v2\/product_brand?post=1321"},{"taxonomy":"product_cat","embeddable":true,"href":"https:\/\/kanyly.cz\/de\/wp-json\/wp\/v2\/product_cat?post=1321"},{"taxonomy":"product_tag","embeddable":true,"href":"https:\/\/kanyly.cz\/de\/wp-json\/wp\/v2\/product_tag?post=1321"}],"curies":[{"name":"wp","href":"https:\/\/api.w.org\/{rel}","templated":true}]}}