{"id":2286,"date":"2020-08-08T10:11:29","date_gmt":"2020-08-08T08:11:29","guid":{"rendered":"https:\/\/kanyly.cz\/?post_type=product&#038;p=2286"},"modified":"2026-03-13T18:24:33","modified_gmt":"2026-03-13T17:24:33","slug":"fine-microsyringe-32g-x-8-mm-05ml","status":"publish","type":"product","link":"https:\/\/kanyly.cz\/de\/obchod\/fine-microsyringe-32g-x-8-mm-05ml\/","title":{"rendered":"Inzul\u00ednka 32G x 8 mm 0,5 ml &#8211; 100 Ks"},"content":{"rendered":"","protected":false},"excerpt":{"rendered":"<p id=\"tw-target-text\" class=\"tw-data-text tw-text-large XcVN5d tw-ta\" dir=\"ltr\" data-placeholder=\"P\u0159eklad\"><span lang=\"cs\">Eine sehr d\u00fcnnwandige Nadel, die zur Injektion von Kollagen, Hyalurons\u00e4ure, Lokalan\u00e4sthetika, Mesotherapie, PRP, Hyaluronidase und anderen L\u00f6sungen wirksam ist. <\/span><\/p>\n<p class=\"tw-data-text tw-text-large XcVN5d tw-ta\" dir=\"ltr\" data-placeholder=\"P\u0159eklad\"><span lang=\"cs\">\u2714 Ultrad\u00fcnne Nadelwand<\/span><\/p>\n<p class=\"tw-data-text tw-text-large XcVN5d tw-ta\" dir=\"ltr\" data-placeholder=\"P\u0159eklad\"><span lang=\"cs\">\u2714 Kontinuierliches Dr\u00fccken<\/span><\/p>\n<p class=\"tw-data-text tw-text-large XcVN5d tw-ta\" dir=\"ltr\" data-placeholder=\"P\u0159eklad\"><span lang=\"cs\">\u2714 Speziell geschliffen f\u00fcr gr\u00f6\u00dfere Sch\u00e4rfe<\/span><\/p>\n<p class=\"tw-data-text tw-text-large XcVN5d tw-ta\" dir=\"ltr\" data-placeholder=\"P\u0159eklad\"><span lang=\"cs\">\u2714 Fein polierte Nadeloberfl\u00e4che <\/span><\/p>\n<p class=\"tw-data-text tw-text-large XcVN5d tw-ta\" dir=\"ltr\" data-placeholder=\"P\u0159eklad\"><span lang=\"cs\">\u2714 Sie verursachen nach der Injektion weniger Schmerzen, weniger Blutungen und weniger Anzeichen <\/span><\/p>\n<p class=\"tw-data-text tw-text-large XcVN5d tw-ta\" dir=\"ltr\" data-placeholder=\"P\u0159eklad\"><span lang=\"cs\">\u2714 Einzeln verpackt, um maximale Sterilit\u00e4t zu gew\u00e4hrleisten\u00a0<\/span><\/p>","protected":false},"featured_media":2278,"template":"","meta":{"_acf_changed":false,"_seopress_robots_primary_cat":"none","_seopress_titles_title":"","_seopress_titles_desc":"Jehla s velmi tenkou st\u011bnou, \u00fa\u010dinn\u00e1 pro injekce  kolagenu, kyseliny hyaluronov\u00e9, lok\u00e1ln\u00edch anestetik, mezoterapie, PRP, hyaluronid\u00e1zy a dal\u0161\u00edch roztok\u016f.  Ultra tenk\u00e1 st\u011bna jehly  Plynul\u00e9 vtla\u010d\u00e9v\u00e1n\u00ed  Speci\u00e1ln\u011b brou\u0161en\u00e1, pro v\u011bt\u0161\u00ed ostrost  Jemn\u011b le\u0161t\u011bn\u00fd povrch jehly  Zp\u016fsobuj\u00ed m\u00e9n\u011b bolesti, m\u00e9n\u011b krv\u00e1cen\u00ed","_seopress_robots_index":""},"product_brand":[],"product_cat":[68],"product_tag":[],"class_list":{"0":"post-2286","1":"product","2":"type-product","3":"status-publish","4":"has-post-thumbnail","6":"product_cat-fms","8":"first","9":"outofstock","10":"taxable","11":"shipping-taxable","12":"purchasable","13":"product-type-simple"},"acf":[],"_links":{"self":[{"href":"https:\/\/kanyly.cz\/de\/wp-json\/wp\/v2\/product\/2286","targetHints":{"allow":["GET"]}}],"collection":[{"href":"https:\/\/kanyly.cz\/de\/wp-json\/wp\/v2\/product"}],"about":[{"href":"https:\/\/kanyly.cz\/de\/wp-json\/wp\/v2\/types\/product"}],"wp:featuredmedia":[{"embeddable":true,"href":"https:\/\/kanyly.cz\/de\/wp-json\/wp\/v2\/media\/2278"}],"wp:attachment":[{"href":"https:\/\/kanyly.cz\/de\/wp-json\/wp\/v2\/media?parent=2286"}],"wp:term":[{"taxonomy":"product_brand","embeddable":true,"href":"https:\/\/kanyly.cz\/de\/wp-json\/wp\/v2\/product_brand?post=2286"},{"taxonomy":"product_cat","embeddable":true,"href":"https:\/\/kanyly.cz\/de\/wp-json\/wp\/v2\/product_cat?post=2286"},{"taxonomy":"product_tag","embeddable":true,"href":"https:\/\/kanyly.cz\/de\/wp-json\/wp\/v2\/product_tag?post=2286"}],"curies":[{"name":"wp","href":"https:\/\/api.w.org\/{rel}","templated":true}]}}