{"id":2287,"date":"2020-08-08T10:17:34","date_gmt":"2020-08-08T08:17:34","guid":{"rendered":"https:\/\/kanyly.cz\/?post_type=product&#038;p=2287"},"modified":"2023-07-24T09:19:50","modified_gmt":"2023-07-24T07:19:50","slug":"inzulinka-31g-026-x-127-mm-1ml-100-ks","status":"publish","type":"product","link":"https:\/\/kanyly.cz\/de\/obchod\/inzulinka-31g-026-x-127-mm-1ml-100-ks\/","title":{"rendered":"Inzul\u00ednka 31G x 12,7 mm 1 ml &#8211; 100 Ks"},"content":{"rendered":"","protected":false},"excerpt":{"rendered":"<p id=\"tw-target-text\" class=\"tw-data-text tw-text-large XcVN5d tw-ta\" dir=\"ltr\" data-placeholder=\"P\u0159eklad\"><span lang=\"cs\">Eine sehr d\u00fcnnwandige Nadel, die zur Injektion von Kollagen, Hyalurons\u00e4ure, Lokalan\u00e4sthetika, Mesotherapie, PRP, Hyaluronidase und anderen L\u00f6sungen wirksam ist.<\/span><\/p>\n<p dir=\"ltr\" data-placeholder=\"P\u0159eklad\"><span style=\"color: #ff0000\">EXP. 1.4.2021<\/span><\/p>\n<p class=\"tw-data-text tw-text-large XcVN5d tw-ta\" dir=\"ltr\" data-placeholder=\"P\u0159eklad\"><span lang=\"cs\">\u2714 Ultrad\u00fcnne Nadelwand<\/span><\/p>\n<p class=\"tw-data-text tw-text-large XcVN5d tw-ta\" dir=\"ltr\" data-placeholder=\"P\u0159eklad\"><span lang=\"cs\">\u2714 Kontinuierliches Dr\u00fccken<\/span><\/p>\n<p class=\"tw-data-text tw-text-large XcVN5d tw-ta\" dir=\"ltr\" data-placeholder=\"P\u0159eklad\"><span lang=\"cs\">\u2714 Speziell geschliffen f\u00fcr gr\u00f6\u00dfere Sch\u00e4rfe<\/span><\/p>\n<p class=\"tw-data-text tw-text-large XcVN5d tw-ta\" dir=\"ltr\" data-placeholder=\"P\u0159eklad\"><span lang=\"cs\">\u2714 Fein polierte Nadeloberfl\u00e4che <\/span><\/p>\n<p class=\"tw-data-text tw-text-large XcVN5d tw-ta\" dir=\"ltr\" data-placeholder=\"P\u0159eklad\"><span lang=\"cs\">\u2714 Sie verursachen nach der Injektion weniger Schmerzen, weniger Blutungen und weniger Anzeichen <\/span><\/p>\n<p class=\"tw-data-text tw-text-large XcVN5d tw-ta\" dir=\"ltr\" data-placeholder=\"P\u0159eklad\"><span lang=\"cs\">\u2714 Einzeln verpackt, um maximale Sterilit\u00e4t zu gew\u00e4hrleisten\u00a0<\/span><\/p>","protected":false},"featured_media":2278,"template":"","meta":{"_acf_changed":false,"_seopress_robots_primary_cat":"none","_seopress_titles_title":"                                    ","_seopress_titles_desc":"\r\n                    Jehla s velmi tenkou st\u011bnou, \u00fa\u010dinn\u00e1 pro injekce  kolagenu, kyseliny hyaluronov\u00e9, lok\u00e1ln\u00edch anestetik, mezoterapie, PRP, hyaluronid\u00e1zy a dal\u0161\u00edch roztok\u016f.  Ultra tenk\u00e1 st\u011bna jehly  Plynul\u00e9 vtla\u010dov\u00e1n\u00ed  Speci\u00e1ln\u011b brou\u0161en\u00e1, pro v\u011bt\u0161\u00ed ostrost  Jemn\u011b le\u0161t\u011bn\u00fd povrch jehly  Zp\u016fsobuj\u00ed m\u00e9n\u011b bolesti, m\u00e9n\u011b krv\u00e1cen\u00ed                ","_seopress_robots_index":""},"product_brand":[],"product_cat":[68],"product_tag":[],"class_list":{"0":"post-2287","1":"product","2":"type-product","3":"status-publish","4":"has-post-thumbnail","6":"product_cat-fms","8":"first","9":"outofstock","10":"sale","11":"taxable","12":"shipping-taxable","13":"purchasable","14":"product-type-simple"},"acf":[],"_links":{"self":[{"href":"https:\/\/kanyly.cz\/de\/wp-json\/wp\/v2\/product\/2287","targetHints":{"allow":["GET"]}}],"collection":[{"href":"https:\/\/kanyly.cz\/de\/wp-json\/wp\/v2\/product"}],"about":[{"href":"https:\/\/kanyly.cz\/de\/wp-json\/wp\/v2\/types\/product"}],"wp:featuredmedia":[{"embeddable":true,"href":"https:\/\/kanyly.cz\/de\/wp-json\/wp\/v2\/media\/2278"}],"wp:attachment":[{"href":"https:\/\/kanyly.cz\/de\/wp-json\/wp\/v2\/media?parent=2287"}],"wp:term":[{"taxonomy":"product_brand","embeddable":true,"href":"https:\/\/kanyly.cz\/de\/wp-json\/wp\/v2\/product_brand?post=2287"},{"taxonomy":"product_cat","embeddable":true,"href":"https:\/\/kanyly.cz\/de\/wp-json\/wp\/v2\/product_cat?post=2287"},{"taxonomy":"product_tag","embeddable":true,"href":"https:\/\/kanyly.cz\/de\/wp-json\/wp\/v2\/product_tag?post=2287"}],"curies":[{"name":"wp","href":"https:\/\/api.w.org\/{rel}","templated":true}]}}