{"id":2319,"date":"2020-10-20T10:38:21","date_gmt":"2020-10-20T08:38:21","guid":{"rendered":"https:\/\/kanyly.cz\/?post_type=product&#038;p=2319"},"modified":"2023-07-17T06:54:47","modified_gmt":"2023-07-17T04:54:47","slug":"respirator-cm-urovne-kn95-pro-lekarske-prostredi","status":"publish","type":"product","link":"https:\/\/kanyly.cz\/de\/obchod\/respirator-cm-urovne-kn95-pro-lekarske-prostredi\/","title":{"rendered":"Atemschutzger\u00e4t CM Level KN95 f\u00fcr medizinische Umgebungen"},"content":{"rendered":"<p>Vhodn\u00e9 pro pou\u017eit\u00ed v l\u00e9ka\u0159sk\u00e9m prost\u0159ed\u00ed i v m\u00edstech, kde hroz\u00ed kontakt s n\u00e1kazou. Dle test\u016f maj\u00ed 98 % &#8211; 99 % filtra\u010dn\u00ed schopnost, tedy jsou srovnateln\u00e9 s FFP3 jen\u017e m\u00e1 99 %.<\/p>\n<p><strong>Zutaten:<\/strong><\/p>\n<p>Das Beatmungsger\u00e4t besteht aus einem Hauptteil der Maske, einem verstellbaren Nasenclip, einem erweiterbaren Gummiband und einer Schnalle zum Einstellen des Kopfbands. Der Maskenk\u00f6rper enth\u00e4lt Vlies und Filtermaterial (Stufe KN95). Der Nasenclip besteht aus Metalldraht, der mit Polypropylen (PP) beschichtet ist. Die \u00e4u\u00dfere Oberfl\u00e4chenschicht besteht aus 60 g Vliesstoff, die zweite Schicht besteht aus 30 g KN95-Filtermaterial, die dritte Schicht besteht aus 45 g Hei\u00dfluftbaumwolle und die vierte innere Schicht besteht aus 50 g Vliesstoff.<\/p>\n<p><strong>Produktnutzen:<\/strong><\/p>\n<p>Entwickelt f\u00fcr medizinische Umgebungen. Es hilft beim Filtern von Partikeln in der Luft und blockiert Tr\u00f6pfchen und andere fl\u00fcssige Verunreinigungen in der medizinischen Umgebung, Blut, Fl\u00fcssigkeiten und Sekrete, Staub, feste Partikel und Nebel.<\/p>\n<p><strong> Wie benutzt man ein Beatmungsger\u00e4t?<\/strong><\/p>\n<ol>\n<li>\u00a0\u00dcberpr\u00fcfen Sie, ob die Verpackung versiegelt ist.<\/li>\n<li>\u00dcberpr\u00fcfen Sie die Gummib\u00e4nder, um sicherzustellen, dass sie sicher an der Maske befestigt sind. Wenn die Verpackung besch\u00e4digt ist oder die Gummib\u00e4nder gerissen sind, verwenden Sie sie nicht mehr. Klappen Sie die Maske auf.<\/li>\n<li>Platzieren Sie die Gesichtsmaske so, dass der Nasenclip auf der Nase aufliegt und die Unterseite der Maske das Kinn bedeckt.<\/li>\n<li>Sie k\u00f6nnen ein Gummiband \u00fcber den Kopf nehmen und \u00fcber den Kopf \u00fcber dem Ohr lesen.<\/li>\n<li>Ziehen Sie das untere Gummiband \u00fcber die Oberseite des Kopfes und legen Sie es um den Kopf \u00fcber den Ohren.<\/li>\n<li>Formen Sie den Metallnasenclip mit beiden H\u00e4nden um die Nase, um eine sichere Abdichtung zu gew\u00e4hrleisten.<\/li>\n<li>Legen Sie beide H\u00e4nde vollst\u00e4ndig auf die Maske und atmen Sie aus. Wenn Luft um die Nase austritt, stellen Sie das Mundst\u00fcck ein. Wenn an den R\u00e4ndern der Maske Luft austritt, stellen Sie die Gummib\u00e4nder ein.<\/li>\n<\/ol>\n<p><img loading=\"lazy\" decoding=\"async\" class=\"alignnone wp-image-2321 aligncenter\" src=\"https:\/\/kanyly.cz\/wp-content\/uploads\/2020\/10\/Respirator-300x59.jpg\" alt=\"\" width=\"386\" height=\"76\" srcset=\"https:\/\/kanyly.cz\/wp-content\/uploads\/2020\/10\/Respirator-300x59.jpg 300w, https:\/\/kanyly.cz\/wp-content\/uploads\/2020\/10\/Respirator-1024x201.jpg 1024w, https:\/\/kanyly.cz\/wp-content\/uploads\/2020\/10\/Respirator-768x151.jpg 768w, https:\/\/kanyly.cz\/wp-content\/uploads\/2020\/10\/Respirator-1536x302.jpg 1536w, https:\/\/kanyly.cz\/wp-content\/uploads\/2020\/10\/Respirator-16x3.jpg 16w, https:\/\/kanyly.cz\/wp-content\/uploads\/2020\/10\/Respirator-600x118.jpg 600w, https:\/\/kanyly.cz\/wp-content\/uploads\/2020\/10\/Respirator.jpg 2005w\" sizes=\"auto, (max-width: 386px) 100vw, 386px\" \/><\/p>\n<p><strong>Lager<\/strong><\/p>\n<p>Vermeiden Sie starke Verformungen durch Druck, direkte Sonneneinstrahlung, m\u00f6gliches Rei\u00dfen oder Kontakt mit Regen, Schnee oder fl\u00fcssigen Materialien. An einem sauberen Ort mit einer Luftfeuchtigkeit von &lt;80% und guter Bel\u00fcftung lagern.<\/p>\n<p>1. Nicht nach dem Verfallsdatum verwenden. 2. Das Produkt ist Einwegartikel und darf nur einmal verwendet werden. NICHT l\u00e4nger als 8 Stunden verwenden. 3. Das Produkt sollte vor dem Gebrauch sorgf\u00e4ltig gepr\u00fcft werden. Verwenden Sie KEINE Atemschutzmaske, wenn die Verpackung besch\u00e4digt ist. 4. Es wird empfohlen, keine Maske zu verwenden, wenn B\u00e4rte, Hautausschl\u00e4ge, Akne usw. eine wirksame Versiegelung zwischen Gesicht und Maske verhindern. 5. Wenn die Maske w\u00e4hrend des Gebrauchs besch\u00e4digt oder verschmutzt wurde oder wenn das Atmen zunehmend schwieriger wird, ersetzen Sie sie durch eine neue.<\/p>","protected":false},"excerpt":{"rendered":"<p>Atemschutzger\u00e4t Stufe KN 95 mit verstellbarem Nasenclip, ausziehbaren Schnallen. Es passt perfekt und atmet gut. Angenehm zu tragen. Voll zertifiziertes Produkt mit CE-Zertifikat. Atemschutzger\u00e4t mit universeller Gr\u00f6\u00dfe aus Vliesstoff. Das Atemschutzger\u00e4t hat eine Filterklasse KN 95.<\/p>\n<p>NIOSH-Tests der amerikanischen CDC best\u00e4tigten eine Filtration von 98-99%. <em>FFP2-Atemschutzger\u00e4te garantieren 94%, FFP3-Garantie 99%.<\/em><\/p>\n<p>Geeigneter Schutz gegen COVID-19.<\/p>","protected":false},"featured_media":2322,"template":"","meta":{"_acf_changed":false,"_seopress_robots_primary_cat":"none","_seopress_titles_title":"                                    ","_seopress_titles_desc":"                                    ","_seopress_robots_index":""},"product_brand":[],"product_cat":[70],"product_tag":[],"class_list":{"0":"post-2319","1":"product","2":"type-product","3":"status-publish","4":"has-post-thumbnail","6":"product_cat-ochranne-pomucky-pro-lekare","8":"first","9":"outofstock","10":"taxable","11":"shipping-taxable","12":"purchasable","13":"product-type-simple"},"acf":[],"_links":{"self":[{"href":"https:\/\/kanyly.cz\/de\/wp-json\/wp\/v2\/product\/2319","targetHints":{"allow":["GET"]}}],"collection":[{"href":"https:\/\/kanyly.cz\/de\/wp-json\/wp\/v2\/product"}],"about":[{"href":"https:\/\/kanyly.cz\/de\/wp-json\/wp\/v2\/types\/product"}],"wp:featuredmedia":[{"embeddable":true,"href":"https:\/\/kanyly.cz\/de\/wp-json\/wp\/v2\/media\/2322"}],"wp:attachment":[{"href":"https:\/\/kanyly.cz\/de\/wp-json\/wp\/v2\/media?parent=2319"}],"wp:term":[{"taxonomy":"product_brand","embeddable":true,"href":"https:\/\/kanyly.cz\/de\/wp-json\/wp\/v2\/product_brand?post=2319"},{"taxonomy":"product_cat","embeddable":true,"href":"https:\/\/kanyly.cz\/de\/wp-json\/wp\/v2\/product_cat?post=2319"},{"taxonomy":"product_tag","embeddable":true,"href":"https:\/\/kanyly.cz\/de\/wp-json\/wp\/v2\/product_tag?post=2319"}],"curies":[{"name":"wp","href":"https:\/\/api.w.org\/{rel}","templated":true}]}}