{"id":2522,"date":"2021-02-16T12:23:54","date_gmt":"2021-02-16T11:23:54","guid":{"rendered":"https:\/\/kanyly.cz\/?post_type=product&#038;p=2522"},"modified":"2023-07-24T09:19:14","modified_gmt":"2023-07-24T07:19:14","slug":"rouska-ustenka-50-ks-lyncmed-medical-s-certifikaci","status":"publish","type":"product","link":"https:\/\/kanyly.cz\/de\/obchod\/rouska-ustenka-50-ks-lyncmed-medical-s-certifikaci\/","title":{"rendered":"Rou\u0161ka \/ \u00fastenka (50 ks) LYNCMED, Medical s certifikac\u00ed"},"content":{"rendered":"<ul>\n<li><strong>zdravotnick\u00fd prost\u0159edek t\u0159\u00eddy I. spl\u0148uje normu EN:14683:2019 pro pou\u017eit\u00ed ve zdravotnictv\u00ed.<\/strong><\/li>\n<li>\u00fastenka je vyrobena z lehk\u00e9 a m\u011bkk\u00e9 antialergick\u00e9 netkan\u00e9 textilie, neobsahuje skeln\u00e1 vl\u00e1kna<\/li>\n<li>jednoduch\u00e9 a rychl\u00e9 pou\u017eit\u00ed s nosn\u00edm tvarovac\u00edm p\u00e1skem<\/li>\n<li>efektivn\u011b chr\u00e1n\u00ed va\u0161e d\u00fdchac\u00ed cesty<\/li>\n<li>barevn\u00e9 proveden\u00ed modr\u00e9<\/li>\n<li>neobsahuj\u00ed latex<\/li>\n<li>nesteriln\u00ed<\/li>\n<li>nen\u00ed ur\u010deno k opakovan\u00e9mu pou\u017eit\u00ed<\/li>\n<\/ul>\n<p><strong>POZOR: POU\u017d\u00cdVEJTE SVOU ROU\u0160KU SPR\u00c1VN\u011a!<\/strong><\/p>\n<ol>\n<li>P\u0159ed nasazen\u00edm si umyjte ruce m\u00fddlem a teplou vodou nebo pou\u017eijte desinfekci na b\u00e1zi alkoholu<\/li>\n<li>\u00dastn\u00ed rou\u0161kou si zakryjte nos a \u00fasta BAREVNOU \u010d\u00e1st\u00ed ven a ujist\u011bte se, \u017ee mezi Va\u0161\u00edm obli\u010dejem a rou\u0161kou nejsou \u017e\u00e1dn\u00e9 mezery<\/li>\n<li>B\u011bhem no\u0161en\u00ed se \u00fastn\u00ed rou\u0161ky nedot\u00fdkejte, pokud tak u\u010din\u00edte, o\u010dist\u011bte si ruce desinfekci na b\u00e1zi alkoholu nebo si ruce umyjte m\u00fddlem a teplou vodou<\/li>\n<li>Jakmile je \u00fastn\u00ed rou\u0161ka vlhk\u00e1, vym\u011b\u0148te ji za novou<\/li>\n<li>\u00dastn\u00ed rou\u0161ky sund\u00e1vejte ze zadu (nedot\u00fdkejte se p\u0159edn\u00ed \u010d\u00e1sti rou\u0161ky), rou\u0161ky ihned vyho\u010fte do uzav\u0159en\u00e9ho ko\u0161e, o\u010dist\u011bte si ruce desinfekc\u00ed na b\u00e1zi alkoholu nebo m\u00fddlem a teplou vodou<\/li>\n<\/ol>","protected":false},"excerpt":{"rendered":"<p>Zdravotnick\u00e1 \u00fastenka (rou\u0161ka) s nosn\u00edm modela\u010dn\u00edm p\u00e1skem a gumi\u010dkami pro snadn\u00e9 a rychl\u00e9 uchycen\u00ed. Nesteriln\u00ed.<\/p>\n<p>Bezpe\u010dn\u00e1 ochrana pro l\u00e9ka\u0159e i pacienta p\u0159ed infekc\u00ed, spl\u0148uje p\u0159\u00edsnou normu EN 14683:2019<\/p>\n<p>Jednor\u00e1zov\u00e9 pou\u017eit\u00ed. \u00da\u0159edn\u011b p\u0159elo\u017een\u00e9 certifik\u00e1ty na vy\u017e\u00e1d\u00e1n\u00ed.<\/p>","protected":false},"featured_media":2523,"template":"","meta":{"_acf_changed":false,"_seopress_robots_primary_cat":"none","_seopress_titles_title":"                    Rou\u0161ka \/ \u00fastenka (50 ks) LYNCMED, Medical s certifikac\u00ed                ","_seopress_titles_desc":"                    Zdravotnick\u00e1 \u00fastenka. Bezpe\u010dn\u00e1 ochrana pro l\u00e9ka\u0159e i pacienta p\u0159ed infekc\u00ed, spl\u0148uje normu EN 14683:2019.                ","_seopress_robots_index":""},"product_brand":[],"product_cat":[70],"product_tag":[],"class_list":{"0":"post-2522","1":"product","2":"type-product","3":"status-publish","4":"has-post-thumbnail","6":"product_cat-ochranne-pomucky-pro-lekare","8":"first","9":"outofstock","10":"sale","11":"taxable","12":"shipping-taxable","13":"purchasable","14":"product-type-simple"},"acf":[],"_links":{"self":[{"href":"https:\/\/kanyly.cz\/de\/wp-json\/wp\/v2\/product\/2522","targetHints":{"allow":["GET"]}}],"collection":[{"href":"https:\/\/kanyly.cz\/de\/wp-json\/wp\/v2\/product"}],"about":[{"href":"https:\/\/kanyly.cz\/de\/wp-json\/wp\/v2\/types\/product"}],"wp:featuredmedia":[{"embeddable":true,"href":"https:\/\/kanyly.cz\/de\/wp-json\/wp\/v2\/media\/2523"}],"wp:attachment":[{"href":"https:\/\/kanyly.cz\/de\/wp-json\/wp\/v2\/media?parent=2522"}],"wp:term":[{"taxonomy":"product_brand","embeddable":true,"href":"https:\/\/kanyly.cz\/de\/wp-json\/wp\/v2\/product_brand?post=2522"},{"taxonomy":"product_cat","embeddable":true,"href":"https:\/\/kanyly.cz\/de\/wp-json\/wp\/v2\/product_cat?post=2522"},{"taxonomy":"product_tag","embeddable":true,"href":"https:\/\/kanyly.cz\/de\/wp-json\/wp\/v2\/product_tag?post=2522"}],"curies":[{"name":"wp","href":"https:\/\/api.w.org\/{rel}","templated":true}]}}