{"id":2555,"date":"2021-03-02T20:18:37","date_gmt":"2021-03-02T19:18:37","guid":{"rendered":"https:\/\/kanyly.cz\/?post_type=product&#038;p=2555"},"modified":"2023-07-24T09:20:03","modified_gmt":"2023-07-24T07:20:03","slug":"hartmann-peha-soft-fino-vysetrovaci-rukavice-nitrilove","status":"publish","type":"product","link":"https:\/\/kanyly.cz\/de\/obchod\/hartmann-peha-soft-fino-vysetrovaci-rukavice-nitrilove\/","title":{"rendered":"Hartmann Peha-soft-fino vy\u0161et\u0159ovac\u00ed rukavice NITRILOV\u00c9"},"content":{"rendered":"<p class=\"entry-title\">Vel. L<\/p>\n<p>150 ks\/balen\u00ed<\/p>\n<p>CE<\/p>\n<p>EN 374 &amp; EN 455<\/p>\n<p>EN 455\/1-4<\/p>\n<p>AQL 1.0<\/p>\n<p><strong>(ilustrativn\u00ed obr\u00e1zek jin\u00e9 velikosti)<\/strong><\/p>","protected":false},"excerpt":{"rendered":"<p><strong>Vy\u0161et\u0159ovac\u00ed<\/strong>\u00a0nitrilov\u00e9 rukavice,\u00a0<strong>velmi odoln\u00e9<\/strong>\u00a0v\u016f\u010di protr\u017een\u00ed, poskytuj\u00edc\u00ed maxim\u00e1ln\u00ed ochranu u\u017eivatele.\u00a0<strong>Vhodn\u00e1 alternativa k latexov\u00fdm rukavic\u00edm.<\/strong><\/p>\n<p>Snadn\u00e9 pou\u017eit\u00ed ve zdravotnictv\u00ed, potravin\u00e1\u0159stv\u00ed, laborato\u0159\u00edch, chemick\u00e9m pr\u016fmyslu, vhodn\u00e9 pro \u00faklid.<\/p>\n<p>\u2714 Skladem\u00a0 \u00a0 \u2714 Expedujeme do 24 hodin<\/p>","protected":false},"featured_media":0,"template":"","meta":{"_acf_changed":false,"_seopress_robots_primary_cat":"","_seopress_titles_title":"","_seopress_titles_desc":"","_seopress_robots_index":""},"product_brand":[],"product_cat":[15],"product_tag":[],"class_list":{"0":"post-2555","1":"product","2":"type-product","3":"status-publish","5":"product_cat-vsechny-produkty","7":"first","8":"outofstock","9":"taxable","10":"shipping-taxable","11":"product-type-simple"},"acf":[],"_links":{"self":[{"href":"https:\/\/kanyly.cz\/de\/wp-json\/wp\/v2\/product\/2555","targetHints":{"allow":["GET"]}}],"collection":[{"href":"https:\/\/kanyly.cz\/de\/wp-json\/wp\/v2\/product"}],"about":[{"href":"https:\/\/kanyly.cz\/de\/wp-json\/wp\/v2\/types\/product"}],"wp:attachment":[{"href":"https:\/\/kanyly.cz\/de\/wp-json\/wp\/v2\/media?parent=2555"}],"wp:term":[{"taxonomy":"product_brand","embeddable":true,"href":"https:\/\/kanyly.cz\/de\/wp-json\/wp\/v2\/product_brand?post=2555"},{"taxonomy":"product_cat","embeddable":true,"href":"https:\/\/kanyly.cz\/de\/wp-json\/wp\/v2\/product_cat?post=2555"},{"taxonomy":"product_tag","embeddable":true,"href":"https:\/\/kanyly.cz\/de\/wp-json\/wp\/v2\/product_tag?post=2555"}],"curies":[{"name":"wp","href":"https:\/\/api.w.org\/{rel}","templated":true}]}}