{"id":2675,"date":"2021-06-08T13:06:20","date_gmt":"2021-06-08T11:06:20","guid":{"rendered":"https:\/\/kanyly.cz\/?post_type=product&#038;p=2675"},"modified":"2023-07-24T09:19:41","modified_gmt":"2023-07-24T07:19:41","slug":"meso-relle-32g-023-x-6-mm-100-ks-kopirovat","status":"publish","type":"product","link":"https:\/\/kanyly.cz\/de\/obchod\/meso-relle-32g-023-x-6-mm-100-ks-kopirovat\/","title":{"rendered":"Meso-Relle 32G (0,23) x 6 mm, 100 Ks (Kop\u00edrovat)"},"content":{"rendered":"<p><strong>Eigenschaften:<\/strong><\/p>\n<ul>\n<li>Rohstoff: Edelstahl, Polypropylen<\/li>\n<li>Menge im Paket: 100 St\u00fcck<\/li>\n<li>Blisterpackung<\/li>\n<li>viele Gr\u00f6\u00dfen<\/li>\n<\/ul>","protected":false},"excerpt":{"rendered":"<p><span style=\"color: #003366\"><span style=\"color: #be1e00\"><b>\u00a0Nadeln f\u00fcr die Mesotherapie<\/b><\/span><\/span><\/p>\n<p>Meso Relle sind italienische Einwegnadeln f\u00fcr die Mesotherapie. D\u00fcnnwandiger Stahl sorgt f\u00fcr h\u00f6chste Flie\u00dfparameter bei gleichzeitiger Aufrechterhaltung der Haltbarkeit. Die einzigartige Nadelsch\u00e4rftechnologie von Meso Relle erh\u00f6ht den Komfort der Injektionen und reduziert Blutungen nach der Injektion.<\/p>\n<p>Die Packung enth\u00e4lt 100 Nadeln, die einzeln in Blasen eingewickelt sind. Die Nadeln werden mit Ethylenoxid sterilisiert.<\/p>\n<p>&nbsp;<\/p>","protected":false},"featured_media":2302,"template":"","meta":{"_acf_changed":false,"_seopress_robots_primary_cat":"none","_seopress_titles_title":"","_seopress_titles_desc":"","_seopress_robots_index":""},"product_brand":[],"product_cat":[69],"product_tag":[],"class_list":{"0":"post-2675","1":"product","2":"type-product","3":"status-publish","4":"has-post-thumbnail","6":"product_cat-meso-relle","8":"first","9":"outofstock","10":"taxable","11":"shipping-taxable","12":"purchasable","13":"product-type-simple"},"acf":[],"_links":{"self":[{"href":"https:\/\/kanyly.cz\/de\/wp-json\/wp\/v2\/product\/2675","targetHints":{"allow":["GET"]}}],"collection":[{"href":"https:\/\/kanyly.cz\/de\/wp-json\/wp\/v2\/product"}],"about":[{"href":"https:\/\/kanyly.cz\/de\/wp-json\/wp\/v2\/types\/product"}],"wp:featuredmedia":[{"embeddable":true,"href":"https:\/\/kanyly.cz\/de\/wp-json\/wp\/v2\/media\/2302"}],"wp:attachment":[{"href":"https:\/\/kanyly.cz\/de\/wp-json\/wp\/v2\/media?parent=2675"}],"wp:term":[{"taxonomy":"product_brand","embeddable":true,"href":"https:\/\/kanyly.cz\/de\/wp-json\/wp\/v2\/product_brand?post=2675"},{"taxonomy":"product_cat","embeddable":true,"href":"https:\/\/kanyly.cz\/de\/wp-json\/wp\/v2\/product_cat?post=2675"},{"taxonomy":"product_tag","embeddable":true,"href":"https:\/\/kanyly.cz\/de\/wp-json\/wp\/v2\/product_tag?post=2675"}],"curies":[{"name":"wp","href":"https:\/\/api.w.org\/{rel}","templated":true}]}}