{"id":1325,"date":"2019-06-05T10:16:58","date_gmt":"2019-06-05T08:16:58","guid":{"rendered":"https:\/\/kanyly.cz\/?post_type=product&#038;p=1325"},"modified":"2026-02-24T09:00:03","modified_gmt":"2026-02-24T08:00:03","slug":"kanyla-27g40-mm","status":"publish","type":"product","link":"https:\/\/kanyly.cz\/en\/obchod\/kanyla-27g40-mm\/","title":{"rendered":"Cannula 27G\/40 mm"},"content":{"rendered":"<p>Electrolytically ground cannula with a wide opening for easier application of fillers.\nThe flawless surface ensures smoother insertion. High-quality stainless steel ensures excellent flexibility and elasticity.\nUltra-thin wall - this allows you to use a thinner cannula while achieving the same throughput of fillers. The polycarbonate screw lock allows for safe application of fillings under high pressure. Precise application - scale and point finder for more accurate application.\nCertified for safe application.\u00a0<strong>CE 0476<\/strong>\u00a0and\u00a0<a href=\"https:\/\/kanyly.cz\/wp-content\/uploads\/2016\/02\/Logo-KiwaCERMET.jpg\"><strong>ISO 13485:2003<\/strong><\/a>\u00a0certificate fulfils the conditions for medical usage.<\/p>\n<p data-pm-slice=\"1 1 []\">Manufacturer: FEEL TECH CO.,Ltd., 3,4 Floor, Standard Factory 2-dong, 15,Jayumuyeok2-gil, Gunsan-si, Jeollabuk-do, Korea<\/p>","protected":false},"excerpt":{"rendered":"<p><span style=\"color: #ff0000\"><strong>Package 24 pcs <\/strong><strong>Cena za jeden kus = 99,- K\u010d \/ 3,60 EUR bez DPH.<\/strong><\/span><\/p>\n<p>U\u0161et\u0159ete 10,- K\u010d bez DPH na 1ks: <span style=\"color: #ff0000\"><a style=\"color: #ff0000\" href=\"https:\/\/kanyly.cz\/en\/obchod\/kanyla-27g40-mm-krabice\/\">V\u00fdhodn\u011bj\u0161\u00ed <strong>24 pcs <\/strong>packaging <strong>zde.<\/strong><\/a><\/span><\/p>\n<p>&nbsp;<\/p>","protected":false},"featured_media":2008,"template":"","meta":{"_acf_changed":false,"_seopress_robots_primary_cat":"none","_seopress_titles_title":"Kanyly.cz | Kanyla 27G\/40 mm | Cannula 27G\/40 mm","_seopress_titles_desc":"Elektrolyticky brou\u0161en\u00e1 kanyla\u00a0s \u0161irok\u00fdm otvorem pro snaz\u0161\u00ed aplikaci v\u00fdpln\u00ed. Bezchybn\u00fd povrch pom\u00e1h\u00e1 plynulej\u0161\u00edmu vkl\u00e1d\u00e1n\u00ed. Vysoce kvalitn\u00ed nerezov\u00e1 ocel zaji\u0161\u0165uje vynikaj\u00edc\u00ed flexibilitu a pru\u017enost. Ultra tenk\u00e1 st\u011bna - m\u016f\u017eete tak pou\u017e\u00edt ten\u010d\u00ed kanylu p\u0159i dosa\u017een\u00ed stejn\u00e9 propustnosti v\u00fdpln\u00ed. Polykarbon\u00e1tov\u00fd \u0161roubov\u00fd z\u00e1mek umo\u017e\u0148uje bezpe\u010dn\u011b aplikovat v\u00fdpln\u011b pod vysok\u00fdm tlakem. P\u0159esn\u00e1 aplikace - m\u011b\u0159\u00edtko a bodov\u00fd vyhled\u00e1va\u010d pro p\u0159esn\u011bj\u0161\u00ed aplikaci. Certifikace","_seopress_robots_index":""},"product_brand":[],"product_cat":[28],"product_tag":[],"class_list":{"0":"post-1325","1":"product","2":"type-product","3":"status-publish","4":"has-post-thumbnail","6":"product_cat-fmc","8":"first","9":"instock","10":"taxable","11":"shipping-taxable","12":"purchasable","13":"product-type-simple"},"acf":[],"_links":{"self":[{"href":"https:\/\/kanyly.cz\/en\/wp-json\/wp\/v2\/product\/1325","targetHints":{"allow":["GET"]}}],"collection":[{"href":"https:\/\/kanyly.cz\/en\/wp-json\/wp\/v2\/product"}],"about":[{"href":"https:\/\/kanyly.cz\/en\/wp-json\/wp\/v2\/types\/product"}],"wp:featuredmedia":[{"embeddable":true,"href":"https:\/\/kanyly.cz\/en\/wp-json\/wp\/v2\/media\/2008"}],"wp:attachment":[{"href":"https:\/\/kanyly.cz\/en\/wp-json\/wp\/v2\/media?parent=1325"}],"wp:term":[{"taxonomy":"product_brand","embeddable":true,"href":"https:\/\/kanyly.cz\/en\/wp-json\/wp\/v2\/product_brand?post=1325"},{"taxonomy":"product_cat","embeddable":true,"href":"https:\/\/kanyly.cz\/en\/wp-json\/wp\/v2\/product_cat?post=1325"},{"taxonomy":"product_tag","embeddable":true,"href":"https:\/\/kanyly.cz\/en\/wp-json\/wp\/v2\/product_tag?post=1325"}],"curies":[{"name":"wp","href":"https:\/\/api.w.org\/{rel}","templated":true}]}}